{"id":8,"date":"2019-06-12T11:45:55","date_gmt":"2019-06-12T09:45:55","guid":{"rendered":"http:\/\/im.edu.pl\/konkurs\/?page_id=8"},"modified":"2020-05-12T14:14:58","modified_gmt":"2020-05-12T12:14:58","slug":"regulamin2019","status":"publish","type":"page","link":"http:\/\/im.edu.pl\/konkurs\/regulamin2019\/","title":{"rendered":"Regulamin 2019"},"content":{"rendered":"\n<p>Prace&nbsp;konkursowe&nbsp;rozpatrujemy w <strong>dw\u00f3ch kategoriach: <\/strong><\/p>\n\n\n\n<ul><li>praca licencjacka\/in\u017cynierska;<\/li><li>praca magisterska.<\/li><\/ul>\n\n\n\n<p>W konkursie mog\u0105 bra\u0107 udzia\u0142 wszystkie <strong>prac\u0119 obronione w ci\u0105gu 3 ostatnich lat.<\/strong><\/p>\n\n\n\n<p>Prac\u0119 w obu kategoriach nale\u017cy <strong>wys\u0142a\u0107 w nieprzekraczalnym terminie 11 sierpnia 2019 roku na adres mejlowy<\/strong>:&nbsp;<a rel=\"noreferrer noopener\" href=\"mailto:konkurs@im.edu.pl\" target=\"_blank\">konkurs@im.edu.pl<\/a>. <br>Do pracy zg\u0142oszonej na konkurs musi zosta\u0107 do\u0142\u0105czony formularz zg\u0142oszeniowy (pobierz <a href=\"http:\/\/im.edu.pl\/konkurs\/wp-content\/uploads\/2019\/08\/KARTA-ZG\u0141OSZENIA.pdf\">PDF<\/a><a href=\"http:\/\/im.edu.pl\/konkurs\/wp-content\/uploads\/2019\/08\/KARTA-ZG\u0141OSZENIA.doc019\/06\/KARTA-ZG\u0141OSZENIA.pdf\">\/<\/a><a href=\"http:\/\/im.edu.pl\/konkurs\/wp-content\/uploads\/2019\/08\/KARTA-ZG\u0141OSZENIA.doc\"> DOC)<\/a><a href=\"http:\/\/im.edu.pl\/konkurs\/wp-content\/uploads\/2019\/08\/KARTA-ZG\u0141OSZENIA.doc019\/06\/KARTA-ZG\u0141OSZENIA.pdf\">.<\/a><\/p>\n\n\n\n<p>Wszystkie szczeg\u00f3\u0142y znajd\u0105 Pa\u0144stwo w<a href=\"http:\/\/im.edu.pl\/konkurs\/wp-content\/uploads\/2019\/08\/REGULAMIN_KONKURS-IM-2019.pdf\"> <\/a><strong><a href=\"http:\/\/im.edu.pl\/konkurs\/wp-content\/uploads\/2019\/08\/REGULAMIN_KONKURS-IM-2019.pdf\">regulaminie konkursu.<\/a><\/strong><a href=\"http:\/\/im.edu.pl\/konkurs\/wp-content\/uploads\/2019\/08\/REGULAMIN_KONKURS-IM-2019.pdf\"><br><\/a><br><\/p>\n","protected":false},"excerpt":{"rendered":"<p>Prace&nbsp;konkursowe&nbsp;rozpatrujemy w dw\u00f3ch kategoriach: praca licencjacka\/in\u017cynierska; praca magisterska. W konkursie mog\u0105 bra\u0107 udzia\u0142 wszystkie prac\u0119 obronione w ci\u0105gu 3 ostatnich lat. Prac\u0119 w obu kategoriach nale\u017cy wys\u0142a\u0107 w nieprzekraczalnym terminie 11 sierpnia 2019 roku na adres mejlowy:&nbsp;konkurs@im.edu.pl. Do pracy zg\u0142oszonej na konkurs musi zosta\u0107 do\u0142\u0105czony formularz zg\u0142oszeniowy (pobierz PDF\/ DOC). Wszystkie szczeg\u00f3\u0142y znajd\u0105 Pa\u0144stwo w [&hellip;]<\/p>\n","protected":false},"author":1,"featured_media":0,"parent":0,"menu_order":0,"comment_status":"closed","ping_status":"closed","template":"","meta":[],"_links":{"self":[{"href":"http:\/\/im.edu.pl\/konkurs\/wp-json\/wp\/v2\/pages\/8"}],"collection":[{"href":"http:\/\/im.edu.pl\/konkurs\/wp-json\/wp\/v2\/pages"}],"about":[{"href":"http:\/\/im.edu.pl\/konkurs\/wp-json\/wp\/v2\/types\/page"}],"author":[{"embeddable":true,"href":"http:\/\/im.edu.pl\/konkurs\/wp-json\/wp\/v2\/users\/1"}],"replies":[{"embeddable":true,"href":"http:\/\/im.edu.pl\/konkurs\/wp-json\/wp\/v2\/comments?post=8"}],"version-history":[{"count":9,"href":"http:\/\/im.edu.pl\/konkurs\/wp-json\/wp\/v2\/pages\/8\/revisions"}],"predecessor-version":[{"id":144,"href":"http:\/\/im.edu.pl\/konkurs\/wp-json\/wp\/v2\/pages\/8\/revisions\/144"}],"wp:attachment":[{"href":"http:\/\/im.edu.pl\/konkurs\/wp-json\/wp\/v2\/media?parent=8"}],"curies":[{"name":"wp","href":"https:\/\/api.w.org\/{rel}","templated":true}]}}