{"id":6,"date":"2019-06-12T11:31:37","date_gmt":"2019-06-12T09:31:37","guid":{"rendered":"http:\/\/im.edu.pl\/konkurs\/?page_id=6"},"modified":"2021-05-24T11:35:33","modified_gmt":"2021-05-24T09:35:33","slug":"konkurs","status":"publish","type":"page","link":"http:\/\/im.edu.pl\/konkurs\/","title":{"rendered":"Konkurs"},"content":{"rendered":"\n<p>Konkurs o <strong>nagrod\u0119 Instytutu Metropolitalnego za najlepsz\u0105 prac\u0119 dyplomow\u0105 o tematyce miejskiej lub metropolitalnej <\/strong>&#8211;  skierowany do wszystkich student\u00f3w, kt\u00f3rych zainteresowania oscyluj\u0105 wok\u00f3\u0142 du\u017cych miast i metropolii.<br><\/p>\n\n\n\n<p>Dzia\u0142alno\u015b\u0107 naszej fundacji skupia si\u0119 na promowaniu i kreowaniu idei metropolii i du\u017cych o\u015brodk\u00f3w miejskich. St\u0105d te\u017c pomys\u0142 na konkurs o takiej tematyce. Poprzez takiego rodzaju dzia\u0142alno\u015b\u0107 chcemy poznawa\u0107 wizje m\u0142odych ludzi na rozw\u00f3j wsp\u00f3\u0142czesnych miast oraz promowa\u0107 takie rozwi\u0105zania, kt\u00f3re naszym zdaniem zas\u0142uguj\u0105 na wyr\u00f3\u017cnienie.<\/p>\n\n\n\n<p><strong>Je\u015bli zdecydowa\u0142e\u015b si\u0119 na napisanie pracy dyplomowej na temat miast lub metropolii ten konkurs jest w\u0142a\u015bnie dla Ciebie!<\/strong><br><\/p>\n\n\n\n<p>W razie pyta\u0144 zapraszamy do kontaktu z Biurem Konkursowym Instytutu Metropolitalnego, pod adresem: <a href=\"mailto:konkurs@im.edu.pl\">konkurs@im.edu.pl.<\/a><\/p>\n\n\n\n<p><\/p>\n","protected":false},"excerpt":{"rendered":"<p>Konkurs o nagrod\u0119 Instytutu Metropolitalnego za najlepsz\u0105 prac\u0119 dyplomow\u0105 o tematyce miejskiej lub metropolitalnej &#8211; skierowany do wszystkich student\u00f3w, kt\u00f3rych zainteresowania oscyluj\u0105 wok\u00f3\u0142 du\u017cych miast i metropolii. Dzia\u0142alno\u015b\u0107 naszej fundacji skupia si\u0119 na promowaniu i kreowaniu idei metropolii i du\u017cych o\u015brodk\u00f3w miejskich. St\u0105d te\u017c pomys\u0142 na konkurs o takiej tematyce. Poprzez takiego rodzaju dzia\u0142alno\u015b\u0107 chcemy [&hellip;]<\/p>\n","protected":false},"author":1,"featured_media":0,"parent":0,"menu_order":0,"comment_status":"closed","ping_status":"closed","template":"","meta":[],"_links":{"self":[{"href":"http:\/\/im.edu.pl\/konkurs\/wp-json\/wp\/v2\/pages\/6"}],"collection":[{"href":"http:\/\/im.edu.pl\/konkurs\/wp-json\/wp\/v2\/pages"}],"about":[{"href":"http:\/\/im.edu.pl\/konkurs\/wp-json\/wp\/v2\/types\/page"}],"author":[{"embeddable":true,"href":"http:\/\/im.edu.pl\/konkurs\/wp-json\/wp\/v2\/users\/1"}],"replies":[{"embeddable":true,"href":"http:\/\/im.edu.pl\/konkurs\/wp-json\/wp\/v2\/comments?post=6"}],"version-history":[{"count":10,"href":"http:\/\/im.edu.pl\/konkurs\/wp-json\/wp\/v2\/pages\/6\/revisions"}],"predecessor-version":[{"id":385,"href":"http:\/\/im.edu.pl\/konkurs\/wp-json\/wp\/v2\/pages\/6\/revisions\/385"}],"wp:attachment":[{"href":"http:\/\/im.edu.pl\/konkurs\/wp-json\/wp\/v2\/media?parent=6"}],"curies":[{"name":"wp","href":"https:\/\/api.w.org\/{rel}","templated":true}]}}