{"id":443,"date":"2022-01-19T09:49:27","date_gmt":"2022-01-19T08:49:27","guid":{"rendered":"http:\/\/im.edu.pl\/konkurs\/?page_id=443"},"modified":"2022-02-17T20:34:28","modified_gmt":"2022-02-17T19:34:28","slug":"wyniki-2","status":"publish","type":"page","link":"http:\/\/im.edu.pl\/konkurs\/wyniki-2\/","title":{"rendered":"Wyniki"},"content":{"rendered":"\n<p> ogromn\u0105 przyjemno\u015bci\u0105 <strong>og\u0142aszamy wyniki V edycji Konkursu o nagrod\u0119 Instytutu Metropolitalnego za najlepsz\u0105 prac\u0119 dyplomow\u0105 o tematyce miejskiej lub metropolitalnej w kategorii prace magisterskie<\/strong>!<\/p>\n\n\n\n<figure class=\"wp-block-image size-large\"><img loading=\"lazy\" width=\"1024\" height=\"713\" src=\"http:\/\/im.edu.pl\/konkurs\/wp-content\/uploads\/2022\/02\/Zrzut-ekranu-2022-02-17-o-20.27.16-1024x713.png\" alt=\"\" class=\"wp-image-452\" srcset=\"http:\/\/im.edu.pl\/konkurs\/wp-content\/uploads\/2022\/02\/Zrzut-ekranu-2022-02-17-o-20.27.16-1024x713.png 1024w, http:\/\/im.edu.pl\/konkurs\/wp-content\/uploads\/2022\/02\/Zrzut-ekranu-2022-02-17-o-20.27.16-300x209.png 300w, http:\/\/im.edu.pl\/konkurs\/wp-content\/uploads\/2022\/02\/Zrzut-ekranu-2022-02-17-o-20.27.16-768x535.png 768w, http:\/\/im.edu.pl\/konkurs\/wp-content\/uploads\/2022\/02\/Zrzut-ekranu-2022-02-17-o-20.27.16.png 1187w\" sizes=\"(max-width: 1024px) 100vw, 1024px\" \/><\/figure>\n\n\n\n<hr class=\"wp-block-separator has-text-color has-background has-luminous-vivid-orange-background-color has-luminous-vivid-orange-color is-style-wide\"\/>\n\n\n\n<hr class=\"wp-block-separator has-text-color has-background has-luminous-vivid-amber-background-color has-luminous-vivid-amber-color is-style-wide\"\/>\n\n\n\n<p>Z ogromn\u0105 przyjemno\u015bci\u0105 <strong>og\u0142aszamy wyniki V edycji Konkursu o nagrod\u0119 Instytutu Metropolitalnego za najlepsz\u0105 prac\u0119 dyplomow\u0105 o tematyce miejskiej lub metropolitalnej w kategorii prace licencjackie\/ in\u017cynierskie<\/strong>!<\/p>\n\n\n\n<figure class=\"wp-block-image size-large is-resized is-style-default\"><img loading=\"lazy\" src=\"http:\/\/im.edu.pl\/konkurs\/wp-content\/uploads\/2022\/01\/konkurs-im-2020-1024x724.jpg\" alt=\"\" class=\"wp-image-442\" width=\"839\" height=\"592\" srcset=\"http:\/\/im.edu.pl\/konkurs\/wp-content\/uploads\/2022\/01\/konkurs-im-2020-1024x724.jpg 1024w, http:\/\/im.edu.pl\/konkurs\/wp-content\/uploads\/2022\/01\/konkurs-im-2020-300x212.jpg 300w, http:\/\/im.edu.pl\/konkurs\/wp-content\/uploads\/2022\/01\/konkurs-im-2020-768x543.jpg 768w, http:\/\/im.edu.pl\/konkurs\/wp-content\/uploads\/2022\/01\/konkurs-im-2020-1536x1086.jpg 1536w, http:\/\/im.edu.pl\/konkurs\/wp-content\/uploads\/2022\/01\/konkurs-im-2020-2048x1448.jpg 2048w\" sizes=\"(max-width: 839px) 100vw, 839px\" \/><\/figure>\n\n\n\n<p><\/p>\n","protected":false},"excerpt":{"rendered":"<p>ogromn\u0105 przyjemno\u015bci\u0105 og\u0142aszamy wyniki V edycji Konkursu o nagrod\u0119 Instytutu Metropolitalnego za najlepsz\u0105 prac\u0119 dyplomow\u0105 o tematyce miejskiej lub metropolitalnej w kategorii prace magisterskie! Z ogromn\u0105 przyjemno\u015bci\u0105 og\u0142aszamy wyniki V edycji Konkursu o nagrod\u0119 Instytutu Metropolitalnego za najlepsz\u0105 prac\u0119 dyplomow\u0105 o tematyce miejskiej lub metropolitalnej w kategorii prace licencjackie\/ in\u017cynierskie!<\/p>\n","protected":false},"author":1,"featured_media":0,"parent":0,"menu_order":0,"comment_status":"closed","ping_status":"closed","template":"","meta":[],"_links":{"self":[{"href":"http:\/\/im.edu.pl\/konkurs\/wp-json\/wp\/v2\/pages\/443"}],"collection":[{"href":"http:\/\/im.edu.pl\/konkurs\/wp-json\/wp\/v2\/pages"}],"about":[{"href":"http:\/\/im.edu.pl\/konkurs\/wp-json\/wp\/v2\/types\/page"}],"author":[{"embeddable":true,"href":"http:\/\/im.edu.pl\/konkurs\/wp-json\/wp\/v2\/users\/1"}],"replies":[{"embeddable":true,"href":"http:\/\/im.edu.pl\/konkurs\/wp-json\/wp\/v2\/comments?post=443"}],"version-history":[{"count":4,"href":"http:\/\/im.edu.pl\/konkurs\/wp-json\/wp\/v2\/pages\/443\/revisions"}],"predecessor-version":[{"id":453,"href":"http:\/\/im.edu.pl\/konkurs\/wp-json\/wp\/v2\/pages\/443\/revisions\/453"}],"wp:attachment":[{"href":"http:\/\/im.edu.pl\/konkurs\/wp-json\/wp\/v2\/media?parent=443"}],"curies":[{"name":"wp","href":"https:\/\/api.w.org\/{rel}","templated":true}]}}