{"id":370,"date":"2021-04-15T11:31:44","date_gmt":"2021-04-15T09:31:44","guid":{"rendered":"http:\/\/im.edu.pl\/konkurs\/?page_id=370"},"modified":"2021-07-07T10:14:15","modified_gmt":"2021-07-07T08:14:15","slug":"regulamin-2","status":"publish","type":"page","link":"http:\/\/im.edu.pl\/konkurs\/regulamin-2\/","title":{"rendered":"Regulamin"},"content":{"rendered":"\n<p><strong><em>Skr\u00f3t regulaminu:<\/em><\/strong><\/p>\n\n\n\n<p>Prace konkursowe rozpatrujemy w&nbsp;<strong>dw\u00f3ch kategoriach<\/strong>:<\/p>\n\n\n\n<ul><li>praca licencjacka\/in\u017cynierska,<\/li><li>praca magisterska.<\/li><\/ul>\n\n\n\n<p>W bie\u017c\u0105cej edycji Konkursu b\u0119d\u0105 przyjmowane prace,&nbsp;<strong>obejmuj\u0105ce nast\u0119puj\u0105ce zagadnienia<\/strong>:<\/p>\n\n\n\n<ol><li>Ustr\u00f3j samorz\u0105du terytorialnego, w tym metropolitalnego,<\/li><li>Kszta\u0142towanie \u0142adu przestrzennego,<\/li><li>Mieszkalnictwo,<\/li><li>Rewitalizacja i renaturalizacja obszar\u00f3w zdegradowanych,<\/li><li>Rozw\u00f3j infrastruktury transportowej, miejskiej oraz organizacja transportu zbiorowego,<\/li><li>Ochrona klimatu, \u015brodowiska i przyrody,<\/li><li>Demokracja miejska i partycypacja spo\u0142eczna,<\/li><li>Turystyka miejska i zagospodarowanie turystyczne,<\/li><li>Organizacja edukacji przez samorz\u0105dy,<\/li><li>Ekonomika miast i zarz\u0105dzanie obszarami miejskimi,<\/li><li>Polityka spo\u0142eczna miast.<\/li><\/ol>\n\n\n\n<p>W konkursie mog\u0105 bra\u0107 udzia\u0142 wszystkie&nbsp;<strong>prace obronione nie wcze\u015bniej ni\u017c rok przed og\u0142oszeniem obecnej edycji  konkursu.<\/strong><\/p>\n\n\n\n<p>Przyjmujemy prace zar\u00f3wno w j\u0119zyku polskim jak i angielskim.<\/p>\n\n\n\n<p>Prace w obu kategoriach nale\u017cy\u00a0<strong>wys\u0142a\u0107 na adres e &#8211; mail<\/strong>:\u00a0<a rel=\"noreferrer noopener\" href=\"mailto:konkurs@im.edu.pl\" target=\"_blank\">konkurs@im.edu.pl<\/a>.\u00a0<\/p>\n\n\n\n<p>Dla wszystkich zainteresowanych udzia\u0142em w konkursie mamy dobr\u0105 wiadomo\u015b\u0107 &#8211;<strong> NAB\u00d3R PRAC PRZED\u0141U\u017bAMY DO 15 SIERPNIA 2021 R.<\/strong><br><\/p>\n\n\n\n<p>Do pracy zg\u0142oszonej na konkurs musi zosta\u0107 do\u0142\u0105czony formularz zg\u0142oszeniowy (pobierz&nbsp;<a href=\"http:\/\/im.edu.pl\/konkurs\/wp-content\/uploads\/2021\/05\/Karta-zg\u0142oszeniowa-2021-2.pdf\" target=\"_blank\" rel=\"noreferrer noopener\">PDF<\/a><a href=\"http:\/\/im.edu.pl\/konkurs\/wp-content\/uploads\/2019\/08\/KARTA-ZG\u0141OSZENIA.doc019\/06\/KARTA-ZG\u0141OSZENIA.pdf\">\/<\/a><a rel=\"noreferrer noopener\" href=\"http:\/\/im.edu.pl\/konkurs\/wp-content\/uploads\/2021\/05\/Karta-zg\u0142oszeniowa-2021-1.doc\" target=\"_blank\">&nbsp;DOC)<\/a><a href=\"http:\/\/im.edu.pl\/konkurs\/wp-content\/uploads\/2019\/08\/KARTA-ZG\u0141OSZENIA.doc019\/06\/KARTA-ZG\u0141OSZENIA.pdf\">.<\/a><\/p>\n\n\n\n<p>Wszystkie szczeg\u00f3\u0142owe informacje znajd\u0105 Pa\u0144stwo w\u00a0<strong><a href=\"http:\/\/im.edu.pl\/konkurs\/wp-content\/uploads\/2021\/07\/Regulamin-konkursu-dla-student\u00f3w-2021-przed\u0142u\u017cony-termin.pdf\" target=\"_blank\" rel=\"noreferrer noopener\">regulaminie konkursu<\/a><a href=\"http:\/\/im.edu.pl\/konkurs\/wp-content\/uploads\/2020\/05\/REGULAMIN-KONKURSU-dla-student\u00f3w-2020-1.pdf\">.<\/a><\/strong><\/p>\n\n\n\n<p><\/p>\n","protected":false},"excerpt":{"rendered":"<p>Skr\u00f3t regulaminu: Prace konkursowe rozpatrujemy w&nbsp;dw\u00f3ch kategoriach: praca licencjacka\/in\u017cynierska, praca magisterska. W bie\u017c\u0105cej edycji Konkursu b\u0119d\u0105 przyjmowane prace,&nbsp;obejmuj\u0105ce nast\u0119puj\u0105ce zagadnienia: Ustr\u00f3j samorz\u0105du terytorialnego, w tym metropolitalnego, Kszta\u0142towanie \u0142adu przestrzennego, Mieszkalnictwo, Rewitalizacja i renaturalizacja obszar\u00f3w zdegradowanych, Rozw\u00f3j infrastruktury transportowej, miejskiej oraz organizacja transportu zbiorowego, Ochrona klimatu, \u015brodowiska i przyrody, Demokracja miejska i partycypacja spo\u0142eczna, Turystyka miejska [&hellip;]<\/p>\n","protected":false},"author":1,"featured_media":0,"parent":0,"menu_order":0,"comment_status":"closed","ping_status":"closed","template":"","meta":[],"_links":{"self":[{"href":"http:\/\/im.edu.pl\/konkurs\/wp-json\/wp\/v2\/pages\/370"}],"collection":[{"href":"http:\/\/im.edu.pl\/konkurs\/wp-json\/wp\/v2\/pages"}],"about":[{"href":"http:\/\/im.edu.pl\/konkurs\/wp-json\/wp\/v2\/types\/page"}],"author":[{"embeddable":true,"href":"http:\/\/im.edu.pl\/konkurs\/wp-json\/wp\/v2\/users\/1"}],"replies":[{"embeddable":true,"href":"http:\/\/im.edu.pl\/konkurs\/wp-json\/wp\/v2\/comments?post=370"}],"version-history":[{"count":7,"href":"http:\/\/im.edu.pl\/konkurs\/wp-json\/wp\/v2\/pages\/370\/revisions"}],"predecessor-version":[{"id":417,"href":"http:\/\/im.edu.pl\/konkurs\/wp-json\/wp\/v2\/pages\/370\/revisions\/417"}],"wp:attachment":[{"href":"http:\/\/im.edu.pl\/konkurs\/wp-json\/wp\/v2\/media?parent=370"}],"curies":[{"name":"wp","href":"https:\/\/api.w.org\/{rel}","templated":true}]}}