{"id":368,"date":"2021-04-15T11:31:03","date_gmt":"2021-04-15T09:31:03","guid":{"rendered":"http:\/\/im.edu.pl\/konkurs\/?page_id=368"},"modified":"2021-09-14T09:53:55","modified_gmt":"2021-09-14T07:53:55","slug":"kapitula-konkursowa","status":"publish","type":"page","link":"http:\/\/im.edu.pl\/konkurs\/kapitula-konkursowa\/","title":{"rendered":"Kapitu\u0142a Konkursowa"},"content":{"rendered":"\n<p>Sk\u0142ad Kapitu\u0142y Konkursowej przedstawia si\u0119 w nast\u0119puj\u0105cy spos\u00f3b:<\/p>\n\n\n\n<ul><li><strong>dr hab. Jaros\u0142aw Czocha\u0144ski, prof. UG<\/strong>\u00a0(Instytut Geografii, Wydzia\u0142 Oceanografii i Geografii Uniwersytetu Gda\u0144skiego);<\/li><li><strong>dr hab. Jerzy Korczak, prof. nadzw. UWr<\/strong> (Kierownik Zak\u0142adu Ustroju Administracji Publicznej, Instytut Nauk Administracyjnych, Wydzia\u0142 Prawa, Administracji i Ekonomii Uniwersytet Wroc\u0142awski);<\/li><li><strong>dr hab. Aleksander Kuczabski, prof. UG<\/strong> (Instytut Geografii, Wydzia\u0142 Oceanografii i Geografii, Uniwersytet Gda\u0144ski);<\/li><li><strong>dr hab. Tomasz Michalski, prof. UG <\/strong>(Instytut Geografii, Wydzia\u0142 Oceanografii i Geografii Uniwersytet Gda\u0144ski);<\/li><li><strong>dr hab. in\u017c. Sylwia Staszewska, prof. UAM<\/strong>\u00a0(Wydzia\u0142 Geografii Spo\u0142eczno-Ekonomicznej i Gospodarki Przestrzennej, Uniwersytet im. Adama Mickiewicza w Poznaniu);<\/li><li><strong>dr hab. \u0141ukasz Miku\u0142a<\/strong>\u00a0(Wydzia\u0142 Geografii Spo\u0142eczno-Ekonomicznej i Gospodarki Przestrzennej Uniwersytetu im. Adama Mickiewicza);<\/li><li><strong>dr hab. in\u017c. arch. Izabela Mironowicz<\/strong> (Katedra Urbanistyki i Planowania Regionalnego, Wydzia\u0142 Architektury, Politechnika Gda\u0144ska);<\/li><li><strong>dr hab. Mariusz Szyrski<\/strong> (Katedra Prawa Administracyjnego i Samorz\u0105du Terytorialnego, Wydzia\u0142 Prawa i Administracji Uniwersytet Kardyna\u0142a Stefana Wyszy\u0144skiego w Warszawie);<\/li><li><strong>dr Adam Bochentyn <\/strong>(Katedra Post\u0119powania Administracyjnego i S\u0105dowoadministracyjnego, Wydzia\u0142 Prawa i Administracji, Uniwersytet Gda\u0144ski);<\/li><li><strong>dr in\u017c. Przemys\u0142aw Ciesi\u00f3\u0142ka<\/strong> (Zak\u0142ad Geografii Ekonomicznej, Wydzia\u0142 Geografii Spo\u0142eczno-Ekonomicznej i Gospodarki Przestrzennej, Uniwersytet im. Adama Mickiewicza w Poznaniu);<\/li><li><strong>dr in\u017c. Agata Cieszewska<\/strong> (Katedra Architektury Krajobrazu, Instytut In\u017cynierii \u015arodowiska Szko\u0142y G\u0142\u00f3wnej Gospodarstwa Wiejskiego w Warszawie);<\/li><li><strong>dr Anna Fogel <\/strong>(Instytut Rozwoju Miast i Region\u00f3w Warszawa);<\/li><li><strong>dr hab. in\u017c. Beata Gawryszewska<\/strong> (Katedra Sztuki Krajobrazu, Wydzia\u0142 Ogrodnictwa, Biotechnologii i Architektury Krajobrazu, Szko\u0142a G\u0142\u00f3wna Gospodarstwa Wiejskiego w Warszawie);<\/li><li><strong>dr Roman Marchaj <\/strong>(Instytut Nauk Prawnych, Prawo Administracyjne i\u00a0Nauki Administracji, Wydzia\u0142 Prawa i Administracji Uniwersytet \u015al\u0105ski w Katowicach);<\/li><li><strong>dr in\u017c. Grzegorz Masik<\/strong> (Zak\u0142ad Geografii Spo\u0142eczno-Ekonomicznej, Wydzia\u0142 Oceanografii i Geografii, Uniwersytet Gda\u0144ski);<\/li><li><strong>dr in\u017c. arch. Hanna Obracht-Prondzy\u0144ska<\/strong>\u00a0(Katedra Urbanistyki i Planowania Regionalnego, Wydzia\u0142 Archtyektury Politechniki Gda\u0144skiej);<\/li><li><strong>dr in\u017c. El\u017cbieta Ociepa-Kici\u0144ska <\/strong>(Instytut Gospodarki Przestrzennej i Geografii Spo\u0142eczno-Ekonomicznej Katedra Polityki Spo\u0142eczno-Ekonomicznej, Uniwersytet Szczeci\u0144ski);<\/li><li><strong>dr Ma\u0142gorzata Pacuk <\/strong>(Instytut Geografii, Wydzia\u0142 Oceanografii i Geografii, Uniwersytet Gda\u0144ski);<\/li><li><strong>dr Marcin Po\u0142om\u00a0<\/strong>(Zak\u0142ad Rozwoju Regionalnego, Wydzia\u0142 Oceanografii i Geografii, Uniwersytet Gda\u0144ski);<\/li><li><strong>dr in\u017c. arch. Gabriela Maria Rembarz<\/strong> (Katedra Urbanistyki i Planowania Regionalnego, Wdzia\u0142 Architektury, Politechnika Gda\u0144ska);<\/li><li><strong>dr Ma\u0142gorzata Roge-Wi\u015bniewska<\/strong> (Uniwersyteckie Centrum Bada\u0144 nad \u015arodowiskiem Przyrodniczym i Zr\u00f3wnowa\u017conym Rozwojem, Uniwersytet Warszawski);<\/li><li><strong>dr Karolina Rokicka-Murszewska<\/strong> (Katedra Prawa Administracyjnego, Wydzia\u0142 Prawa i Administracji, Uniwersytet Miko\u0142aja Kopernika w Toruniu);<\/li><li><strong>dr Krzysztof Stachura<\/strong> (Zak\u0142ad Antropologii Spo\u0142ecznej, Wydzia\u0142 Nauk Spo\u0142ecznych Uniwersytetu Gda\u0144skiego);<\/li><li><strong>dr Weronika Szafra\u0144ska, LL.M <\/strong>(Instytut Nauk Prawnych, Post\u0119powanie Administracyjne i\u00a0S\u0105dowoadministracyjnego, Wydzia\u0142 Prawa i Administracji, Uniwersytet \u015al\u0105ski w Katowicach);<\/li><li><strong>dr Jakub H. Szlachetko<\/strong> (Katedra Post\u0119powania Administracyjnego i S\u0105dowoadministracyjnego, Uniwersytet Gda\u0144ski);<\/li><li><strong>dr in\u017c. Tomasz Szulc<\/strong> (Katedra Zarz\u0105dzania i Logistyki, Wydzia\u0142 Organizacji i Zarz\u0105dzania, Politechnika \u015al\u0105ska w Katowicach);<\/li><li><strong>dr Maciej Tarkowski\u00a0<\/strong>(Instytut Geografii, Wydzia\u0142 Oceanografii i Geografii Uniwersytetu Gda\u0144skiego);<\/li><li><strong>dr Agnieszka Wa\u017cna<\/strong>\u00a0(Katedra Ekonomiki Transportu, Wydzia\u0142 Ekonomiczny, Uniwersytet Gda\u0144ski);<\/li><li><strong>mgr Joanna Bigos<\/strong> (Wydzia\u0142 Prawa, Administracji i Ekonomii, Uniwersytet Wroc\u0142awski);<\/li><li><strong>mgr Tomasz Mikulski<\/strong> (Zak\u0142ad Geografii Spo\u0142eczno &#8211; Ekonomicznej, Wydzia\u0142 Oceanografii i Geografii, Uniwersytet Gda\u0144ski);<\/li><li><strong>mgr Maciej Zieli\u0144ski<\/strong> (Szko\u0142a Doktorska, Uniwersytet Gda\u0144ski).<\/li><\/ul>\n","protected":false},"excerpt":{"rendered":"<p>Sk\u0142ad Kapitu\u0142y Konkursowej przedstawia si\u0119 w nast\u0119puj\u0105cy spos\u00f3b: dr hab. Jaros\u0142aw Czocha\u0144ski, prof. UG\u00a0(Instytut Geografii, Wydzia\u0142 Oceanografii i Geografii Uniwersytetu Gda\u0144skiego); dr hab. Jerzy Korczak, prof. nadzw. UWr (Kierownik Zak\u0142adu Ustroju Administracji Publicznej, Instytut Nauk Administracyjnych, Wydzia\u0142 Prawa, Administracji i Ekonomii Uniwersytet Wroc\u0142awski); dr hab. Aleksander Kuczabski, prof. UG (Instytut Geografii, Wydzia\u0142 Oceanografii i Geografii, [&hellip;]<\/p>\n","protected":false},"author":1,"featured_media":0,"parent":0,"menu_order":0,"comment_status":"closed","ping_status":"closed","template":"","meta":[],"_links":{"self":[{"href":"http:\/\/im.edu.pl\/konkurs\/wp-json\/wp\/v2\/pages\/368"}],"collection":[{"href":"http:\/\/im.edu.pl\/konkurs\/wp-json\/wp\/v2\/pages"}],"about":[{"href":"http:\/\/im.edu.pl\/konkurs\/wp-json\/wp\/v2\/types\/page"}],"author":[{"embeddable":true,"href":"http:\/\/im.edu.pl\/konkurs\/wp-json\/wp\/v2\/users\/1"}],"replies":[{"embeddable":true,"href":"http:\/\/im.edu.pl\/konkurs\/wp-json\/wp\/v2\/comments?post=368"}],"version-history":[{"count":13,"href":"http:\/\/im.edu.pl\/konkurs\/wp-json\/wp\/v2\/pages\/368\/revisions"}],"predecessor-version":[{"id":438,"href":"http:\/\/im.edu.pl\/konkurs\/wp-json\/wp\/v2\/pages\/368\/revisions\/438"}],"wp:attachment":[{"href":"http:\/\/im.edu.pl\/konkurs\/wp-json\/wp\/v2\/media?parent=368"}],"curies":[{"name":"wp","href":"https:\/\/api.w.org\/{rel}","templated":true}]}}