{"id":336,"date":"2020-11-03T13:42:05","date_gmt":"2020-11-03T12:42:05","guid":{"rendered":"http:\/\/im.edu.pl\/konkurs\/?page_id=336"},"modified":"2021-04-15T11:17:51","modified_gmt":"2021-04-15T09:17:51","slug":"wyniki","status":"publish","type":"page","link":"http:\/\/im.edu.pl\/konkurs\/wyniki\/","title":{"rendered":"Wyniki 2020"},"content":{"rendered":"\n<p><br>IV edycja Konkursu o nagrod\u0119 Instytutu Metropolitalnego na najlepsz\u0105 prac\u0119 dyplomow\u0105 o tematyce miejskiej lub metropolitalnej dobieg\u0142a ko\u0144ca!&nbsp;<\/p>\n\n\n\n<p><strong>Z najwi\u0119ksz\u0105 przyjemno\u015bci\u0105 og\u0142aszamy zwyci\u0119zc\u00f3w w kategorii prac licencjackich i in\u017cynierskich!<br><\/strong><\/p>\n\n\n\n<p><strong>Zwyci\u0119\u017cyli:<\/strong><\/p>\n\n\n\n<p><span style=\"text-decoration: underline;\">I miejsce ex aequo zdobyli:<\/span><\/p>\n\n\n\n<ul><li>Tomasz Micha\u0142 Starczewski<\/li><li>Piotr Zakrzewski<\/li><\/ul>\n\n\n\n<p><span style=\"text-decoration: underline;\">II miejsce zdoby\u0142a: <\/span>Kaja Balcerzak<\/p>\n\n\n\n<p><strong>Z najwi\u0119ksz\u0105 przyjemno\u015bci\u0105 og\u0142aszamy, \u017ce w kategorii prac magisterskich,  I miejsce ex aequo, zdobyli:<\/strong><\/p>\n\n\n\n<ul><li>Micha\u0142 Bylicki,<\/li><li>Dawid Guze,<\/li><li> Maria Koman, <\/li><li>Urszula Prokop,<\/li><li>Filip Radzi\u0144ski,<\/li><li>Karolina Szyma\u0144ska.<\/li><\/ul>\n\n\n\n<p>Wszystkim zwyci\u0119zcom serdecznie gratulujemy i \u017cyczymy dalszych sukces\u00f3w!\u00a0<\/p>\n\n\n\n<p>Dzi\u0119kujemy serdecznie sponsorowi tegorocznych nagr\u00f3d dla laureat\u00f3w konkursu Wydawnictwu Naukowemu Uniwersytetu Miko\u0142aja Kopernika w Toruniu!<\/p>\n\n\n\n<p><\/p>\n","protected":false},"excerpt":{"rendered":"<p>IV edycja Konkursu o nagrod\u0119 Instytutu Metropolitalnego na najlepsz\u0105 prac\u0119 dyplomow\u0105 o tematyce miejskiej lub metropolitalnej dobieg\u0142a ko\u0144ca!&nbsp; Z najwi\u0119ksz\u0105 przyjemno\u015bci\u0105 og\u0142aszamy zwyci\u0119zc\u00f3w w kategorii prac licencjackich i in\u017cynierskich! Zwyci\u0119\u017cyli: I miejsce ex aequo zdobyli: Tomasz Micha\u0142 Starczewski Piotr Zakrzewski II miejsce zdoby\u0142a: Kaja Balcerzak Z najwi\u0119ksz\u0105 przyjemno\u015bci\u0105 og\u0142aszamy, \u017ce w kategorii prac magisterskich, I [&hellip;]<\/p>\n","protected":false},"author":1,"featured_media":0,"parent":0,"menu_order":0,"comment_status":"closed","ping_status":"closed","template":"","meta":[],"_links":{"self":[{"href":"http:\/\/im.edu.pl\/konkurs\/wp-json\/wp\/v2\/pages\/336"}],"collection":[{"href":"http:\/\/im.edu.pl\/konkurs\/wp-json\/wp\/v2\/pages"}],"about":[{"href":"http:\/\/im.edu.pl\/konkurs\/wp-json\/wp\/v2\/types\/page"}],"author":[{"embeddable":true,"href":"http:\/\/im.edu.pl\/konkurs\/wp-json\/wp\/v2\/users\/1"}],"replies":[{"embeddable":true,"href":"http:\/\/im.edu.pl\/konkurs\/wp-json\/wp\/v2\/comments?post=336"}],"version-history":[{"count":5,"href":"http:\/\/im.edu.pl\/konkurs\/wp-json\/wp\/v2\/pages\/336\/revisions"}],"predecessor-version":[{"id":363,"href":"http:\/\/im.edu.pl\/konkurs\/wp-json\/wp\/v2\/pages\/336\/revisions\/363"}],"wp:attachment":[{"href":"http:\/\/im.edu.pl\/konkurs\/wp-json\/wp\/v2\/media?parent=336"}],"curies":[{"name":"wp","href":"https:\/\/api.w.org\/{rel}","templated":true}]}}