{"id":277,"date":"2020-07-20T15:08:19","date_gmt":"2020-07-20T13:08:19","guid":{"rendered":"http:\/\/im.edu.pl\/konkurs\/?page_id=277"},"modified":"2021-04-15T11:24:41","modified_gmt":"2021-04-15T09:24:41","slug":"sponsor","status":"publish","type":"page","link":"http:\/\/im.edu.pl\/konkurs\/sponsor\/","title":{"rendered":"Sponsor 2020"},"content":{"rendered":"\n<div class=\"wp-block-image\"><figure class=\"alignleft size-large is-resized\"><img loading=\"lazy\" src=\"http:\/\/im.edu.pl\/konkurs\/wp-content\/uploads\/2020\/07\/logo-WNUMK-KIW-bw-1024x344.png\" alt=\"\" class=\"wp-image-275\" width=\"270\" height=\"90\" srcset=\"http:\/\/im.edu.pl\/konkurs\/wp-content\/uploads\/2020\/07\/logo-WNUMK-KIW-bw-1024x344.png 1024w, http:\/\/im.edu.pl\/konkurs\/wp-content\/uploads\/2020\/07\/logo-WNUMK-KIW-bw-300x101.png 300w, http:\/\/im.edu.pl\/konkurs\/wp-content\/uploads\/2020\/07\/logo-WNUMK-KIW-bw-768x258.png 768w, http:\/\/im.edu.pl\/konkurs\/wp-content\/uploads\/2020\/07\/logo-WNUMK-KIW-bw-1536x516.png 1536w, http:\/\/im.edu.pl\/konkurs\/wp-content\/uploads\/2020\/07\/logo-WNUMK-KIW-bw.png 1870w\" sizes=\"(max-width: 270px) 100vw, 270px\" \/><\/figure><\/div>\n\n\n\n<p><strong>Wydawnictwo Naukowe Uniwersytetu Miko\u0142aja Kopernika w Toruniu<\/strong> jest\u00a0\u00a0jednym z najwi\u0119kszych wydawnictw uczelnianych w Polsce. Publikuje ok.\u00a0\u00a0200 tytu\u0142\u00f3w ksi\u0105\u017ckowych rocznie, w tym: monografie, rozprawy,\u00a0\u00a0podr\u0119czniki. Ponadto blisko 50 tytu\u0142\u00f3w czasopism \u2013 z nauk\u00a0\u00a0humanistycznych, spo\u0142eczno-ekonomicznych, matematyczno-przyrodniczych\u00a0\u00a0i medycznych. Od 2011 r. wydaje i dystrybuuje presti\u017cow\u0105 seri\u0119\u00a0\u00a0\u201eMonografie Fundacji na rzecz Nauki Polskiej\u201d. Wydawnictwo otrzymuje\u00a0\u00a0liczne nagrody i wyr\u00f3\u017cnienia w konkursach edytorskich. Jest cz\u0142onkiem\u00a0\u00a0<\/p>\n","protected":false},"excerpt":{"rendered":"<p>Wydawnictwo Naukowe Uniwersytetu Miko\u0142aja Kopernika w Toruniu jest\u00a0\u00a0jednym z najwi\u0119kszych wydawnictw uczelnianych w Polsce. Publikuje ok.\u00a0\u00a0200 tytu\u0142\u00f3w ksi\u0105\u017ckowych rocznie, w tym: monografie, rozprawy,\u00a0\u00a0podr\u0119czniki. Ponadto blisko 50 tytu\u0142\u00f3w czasopism \u2013 z nauk\u00a0\u00a0humanistycznych, spo\u0142eczno-ekonomicznych, matematyczno-przyrodniczych\u00a0\u00a0i medycznych. Od 2011 r. wydaje i dystrybuuje presti\u017cow\u0105 seri\u0119\u00a0\u00a0\u201eMonografie Fundacji na rzecz Nauki Polskiej\u201d. Wydawnictwo otrzymuje\u00a0\u00a0liczne nagrody i wyr\u00f3\u017cnienia w konkursach edytorskich. [&hellip;]<\/p>\n","protected":false},"author":1,"featured_media":0,"parent":0,"menu_order":0,"comment_status":"closed","ping_status":"closed","template":"","meta":[],"_links":{"self":[{"href":"http:\/\/im.edu.pl\/konkurs\/wp-json\/wp\/v2\/pages\/277"}],"collection":[{"href":"http:\/\/im.edu.pl\/konkurs\/wp-json\/wp\/v2\/pages"}],"about":[{"href":"http:\/\/im.edu.pl\/konkurs\/wp-json\/wp\/v2\/types\/page"}],"author":[{"embeddable":true,"href":"http:\/\/im.edu.pl\/konkurs\/wp-json\/wp\/v2\/users\/1"}],"replies":[{"embeddable":true,"href":"http:\/\/im.edu.pl\/konkurs\/wp-json\/wp\/v2\/comments?post=277"}],"version-history":[{"count":4,"href":"http:\/\/im.edu.pl\/konkurs\/wp-json\/wp\/v2\/pages\/277\/revisions"}],"predecessor-version":[{"id":366,"href":"http:\/\/im.edu.pl\/konkurs\/wp-json\/wp\/v2\/pages\/277\/revisions\/366"}],"wp:attachment":[{"href":"http:\/\/im.edu.pl\/konkurs\/wp-json\/wp\/v2\/media?parent=277"}],"curies":[{"name":"wp","href":"https:\/\/api.w.org\/{rel}","templated":true}]}}