{"id":22,"date":"2019-06-12T12:29:51","date_gmt":"2019-06-12T10:29:51","guid":{"rendered":"http:\/\/im.edu.pl\/konkurs\/?page_id=22"},"modified":"2019-08-16T11:13:06","modified_gmt":"2019-08-16T09:13:06","slug":"organizator","status":"publish","type":"page","link":"http:\/\/im.edu.pl\/konkurs\/organizator\/","title":{"rendered":"Organizator"},"content":{"rendered":"\n<div class=\"wp-block-image\"><figure class=\"alignleft is-resized\"><img loading=\"lazy\" src=\"http:\/\/im.edu.pl\/konkurs\/wp-content\/uploads\/2019\/06\/Zrzut-ekranu-2018-02-12-o-11.29-1024x440.png\" alt=\"\" class=\"wp-image-31\" width=\"307\" height=\"132\" srcset=\"http:\/\/im.edu.pl\/konkurs\/wp-content\/uploads\/2019\/06\/Zrzut-ekranu-2018-02-12-o-11.29-1024x440.png 1024w, http:\/\/im.edu.pl\/konkurs\/wp-content\/uploads\/2019\/06\/Zrzut-ekranu-2018-02-12-o-11.29-300x129.png 300w, http:\/\/im.edu.pl\/konkurs\/wp-content\/uploads\/2019\/06\/Zrzut-ekranu-2018-02-12-o-11.29-768x330.png 768w, http:\/\/im.edu.pl\/konkurs\/wp-content\/uploads\/2019\/06\/Zrzut-ekranu-2018-02-12-o-11.29.png 1544w\" sizes=\"(max-width: 307px) 100vw, 307px\" \/><\/figure><\/div>\n\n\n\n<p><strong>Instytut Metropolitalny\u00a0<\/strong>jest obywatelskim think tankiem, organizacj\u0105 pozarz\u0105dow\u0105 wspomagaj\u0105c\u0105 w\u0142adz\u0119 regionaln\u0105 i lokaln\u0105 w kszta\u0142towaniu i prowadzeniu r\u00f3\u017cnych polityk publicznych. IM specjalizuje si\u0119 w zagadnieniach ustroju samorz\u0105du terytorialnego i metropolii, miejskiej demokracji i partycypacji spo\u0142ecznej, polityki rozwoju i planowania przestrzennego, rewitalizacji oraz organizacji transportu i mobilno\u015bci. Poza obs\u0142ug\u0105 eksperck\u0105 i doradztwem publicznym prowadzi dzia\u0142alno\u015b\u0107 popularyzatorsk\u0105 i edukacyjn\u0105 (w tym szkoleniow\u0105), naukowo-badawcz\u0105 i wydawnicz\u0105. Przy tym jest niezale\u017cny instytucjonalnie i finansowo, dzi\u0119ki czemu mo\u017ce bezpiecznie wsp\u00f3\u0142pracowa\u0107 z podmiotami administracji publicznej, partiami politycznymi, szko\u0142ami wy\u017cszymi i organizacjami pozarz\u0105dowymi.\u00a0<\/p>\n\n\n\n<p>Wi\u0119cej informacji o dzia\u0142alno\u015bci na stronie:&nbsp;<a href=\"http:\/\/im.edu.pl\/\">http:\/\/im.edu.pl\/<\/a><\/p>\n","protected":false},"excerpt":{"rendered":"<p>Instytut Metropolitalny\u00a0jest obywatelskim think tankiem, organizacj\u0105 pozarz\u0105dow\u0105 wspomagaj\u0105c\u0105 w\u0142adz\u0119 regionaln\u0105 i lokaln\u0105 w kszta\u0142towaniu i prowadzeniu r\u00f3\u017cnych polityk publicznych. IM specjalizuje si\u0119 w zagadnieniach ustroju samorz\u0105du terytorialnego i metropolii, miejskiej demokracji i partycypacji spo\u0142ecznej, polityki rozwoju i planowania przestrzennego, rewitalizacji oraz organizacji transportu i mobilno\u015bci. Poza obs\u0142ug\u0105 eksperck\u0105 i doradztwem publicznym prowadzi dzia\u0142alno\u015b\u0107 popularyzatorsk\u0105 i [&hellip;]<\/p>\n","protected":false},"author":1,"featured_media":0,"parent":0,"menu_order":0,"comment_status":"closed","ping_status":"closed","template":"","meta":[],"_links":{"self":[{"href":"http:\/\/im.edu.pl\/konkurs\/wp-json\/wp\/v2\/pages\/22"}],"collection":[{"href":"http:\/\/im.edu.pl\/konkurs\/wp-json\/wp\/v2\/pages"}],"about":[{"href":"http:\/\/im.edu.pl\/konkurs\/wp-json\/wp\/v2\/types\/page"}],"author":[{"embeddable":true,"href":"http:\/\/im.edu.pl\/konkurs\/wp-json\/wp\/v2\/users\/1"}],"replies":[{"embeddable":true,"href":"http:\/\/im.edu.pl\/konkurs\/wp-json\/wp\/v2\/comments?post=22"}],"version-history":[{"count":3,"href":"http:\/\/im.edu.pl\/konkurs\/wp-json\/wp\/v2\/pages\/22\/revisions"}],"predecessor-version":[{"id":105,"href":"http:\/\/im.edu.pl\/konkurs\/wp-json\/wp\/v2\/pages\/22\/revisions\/105"}],"wp:attachment":[{"href":"http:\/\/im.edu.pl\/konkurs\/wp-json\/wp\/v2\/media?parent=22"}],"curies":[{"name":"wp","href":"https:\/\/api.w.org\/{rel}","templated":true}]}}