{"id":19,"date":"2019-06-12T12:25:09","date_gmt":"2019-06-12T10:25:09","guid":{"rendered":"http:\/\/im.edu.pl\/konkurs\/?page_id=19"},"modified":"2020-09-04T09:56:08","modified_gmt":"2020-09-04T07:56:08","slug":"kapitula-konkursowa-2019","status":"publish","type":"page","link":"http:\/\/im.edu.pl\/konkurs\/kapitula-konkursowa-2019\/","title":{"rendered":"Kapitu\u0142a Konkursowa 2019"},"content":{"rendered":"\n<h4><strong>W gronie jury, do kt\u00f3rego b\u0119dzie nale\u017ca\u0142a ocena prac konkursowych nale\u017c\u0105:<\/strong><\/h4>\n\n\n\n<ul><li><strong>dr hab. Jerzy Korczak, prof. nadzw. UWr<\/strong> (Wydzia\u0142 Prawa, Administracji i Ekonomii Uniwersytetu Wroc\u0142awskiego)<\/li><li><strong>dr hab. Tomasz Brodzicki, prof. UG <\/strong>(Wydzia\u0142 Ekonomiczny Uniwersytetu Gda\u0144skiego)<\/li><li><strong>dr hab. Tomasz Michalski, prof. UG <\/strong>(Wydzia\u0142 Oceanografii i Geografii Uniwersytetu Gda\u0144skiego)<\/li><li><strong>dr hab. in\u017c. Sylwia Staszewska, prof. UAM<\/strong> (Wydzia\u0142 Geografii Spo\u0142eczno-Ekonomicznej i Gospodarki Przestrzennej Uniwersytetu im. Adama Mickiewicza w Poznaniu)<\/li><li><strong>dr hab. in\u017c. arch. Izabela Mironowicz<\/strong> (Wydzia\u0142 Architektury Politechniki Gda\u0144skiej)<\/li><li><strong>dr in\u017c. arch. Joanna&nbsp;Bach-G\u0142owi\u0144ska <\/strong>(Wydzia\u0142 Architektury Politechniki Gda\u0144skiej)<\/li><li><strong>dr in\u017c. Przemys\u0142aw Ciesi\u00f3\u0142ka<\/strong> (Wydzia\u0142 Geografii Spo\u0142eczno Ekonomicznej i Gospodarki Przestrzennej Uniwersytetu im. Adama Mickiewicza w Poznaniu)<\/li><li><strong>dr Anna Fogel <\/strong>(Instytut Rozwoju Miast i Region\u00f3w Warszawa)<\/li><li><strong>dr hab. in\u017c. Beata Gawryszewska<\/strong> (Wydzia\u0142 Ogrodnictwa, Biotechnologii i Architektury Krajobrazu Szko\u0142y G\u0142\u00f3wnej Gospodarstwa Wiejskiego w Warszawie)<\/li><li><strong>dr hab. Marcin Wo\u0142ek<\/strong>, <strong>prof. UG<\/strong> (Wydzia\u0142 Ekonomiczny Uniwersytetu Gda\u0144skiego)<\/li><li><strong>dr Antoni Korowicki <\/strong>(Wydzia\u0142 Oceanografii i Geografii Uniwersytetu Gda\u0144skiego)<\/li><li><strong>dr Aleksandra Lewandowska<\/strong> (Wydzia\u0142 Nauk o Ziemi Uniwersytetu Miko\u0142aja Kopernika w Toruniu)<\/li><li><strong>dr Roman Marchaj <\/strong>(Wydzia\u0142 Prawa i Administracji Uniwersytetu \u015al\u0105skiego w Katowicach)<\/li><li><strong>dr in\u017c arch. Weronika Mazurkiewicz<\/strong> (Wydzia\u0142 Architektury Politechniki Gda\u0144skiej)<\/li><li><strong>dr \u0141ukasz Miku\u0142a<\/strong> (Wydzia\u0142 Geografii Spo\u0142eczno-Ekonomicznej i Gospodarki Przestrzennej Uniwersytetu im. Adama Mickiewicza w Poznaniu)<\/li><li><strong>dr Klaudia Nowicka<\/strong> (Wydzia\u0142 Oceanografii i Geografii Uniwersytetu Gda\u0144skiego)<\/li><li><strong>dr Ma\u0142gorzata Pacuk<\/strong> (Wydzia\u0142 Oceanografii i Geografii Uniwersytetu Gda\u0144skiego)<\/li><li><strong>dr Marcin Po\u0142om<\/strong> (Wydzia\u0142 Oceanografii i Geografii Uniwersytetu Gda\u0144skiego)<\/li><li><strong>dr Justyna Przywojska<\/strong> (Wydzia\u0142 Ekonomiczno &#8211; Socjologiczny Uniwersytetu \u0141\u00f3dzkiego)<\/li><li><strong>dr in\u017c. arch. Magdalena Rembeza<\/strong> (Wydzia\u0142 Architektury Politechniki Gda\u0144skiej)<\/li><li><strong>dr Ma\u0142gorzata Roge-Wi\u015bniewska<\/strong> (Uniwersyteckie Centrum Bada\u0144 nad \u015arodowiskiem Przyrodniczym i Zr\u00f3wnowa\u017conym Rozwojem Uniwersytetu Warszawskiego)<\/li><li><strong>dr Karolina Rokicka-Murszewska<\/strong> (Wydzia\u0142 Prawa i Administracji Uniwersytetu Miko\u0142aja Kopernika w Toruniu)<\/li><li><strong>dr Krzysztof Stachura<\/strong> (Wydzia\u0142 Nauk Spo\u0142ecznych Uniwersytetu Gda\u0144skiego)<\/li><li><strong>dr Joanna St\u0119pie\u0144 <\/strong>(Wydzia\u0142 Oceanografii i Geografii Uniwersytetu Gda\u0144skiego)<\/li><li><strong>dr Weronika Szafra\u0144ska, LL.M <\/strong>(<a href=\"https:\/\/www.wpia.us.edu.pl\/wydzial\/pracownicy-i-katedry\/lista-katedr\/599-katedra-postepowania-administracyjnego-i-sadowoadministracyjnego\">Instytut Nauk Prawnych, Post\u0119powanie Administracyjne i&nbsp;S\u0105dowoadministracyjne<\/a>,Wydzia\u0142 Prawa i Administracji Uniwersytetu \u015al\u0105skiego w Katowicach)<\/li><li><strong>dr Jakub H. Szlachetko<\/strong> (Wydzia\u0142 Oceanografii i Geografii Uniwersytetu Gda\u0144skiego)<\/li><li><strong>dr Magdalena Szmytkowska<\/strong> (Wydzia\u0142 Oceanografii i Geografii Uniwersytetu Gda\u0144skiego)<\/li><li><strong>dr in\u017c. Tomasz Szulc<\/strong> (Instytut In\u017cynierii Producji Politechniki \u015al\u0105skiej)<\/li><li><strong>dr Maciej Tarkowski <\/strong>(Wydzia\u0142 Oceanografii i Geografii Uniwersytetu Gda\u0144skiego)<\/li><li><strong>dr Marzena Walaszek<\/strong> (Wydzia\u0142 Geografii Spo\u0142eczno &#8211; Ekonomicznej i Gospodarki Przestrzennej Uniwersytetu im. Adama Mickiewicza w Poznaniu)<\/li><li><strong>mgr Przemys\u0142aw Barszczewski<\/strong> (Wydzia\u0142 Oceanografii i Geografii Uniwersytetu Gda\u0144skiego)<\/li><li><strong>mgr Joanna Bigos<\/strong> (Wydzia\u0142 Prawa, Administracji i Ekonomii Uniwersytetu Wroc\u0142awskiego)<\/li><li><strong>mgr Tomasz Mikulski<\/strong> (Wydzia\u0142 Oceanografii i Geografii Uniwersytetu Gda\u0144skiego)<\/li><li><strong>mgr Hanna Obracht-Prondzy\u0144ska<\/strong> (Wydzia\u0142 Architektury Politechniki Gda\u0144skiej)<\/li><li><strong>mgr Krystian Puzdrakiewicz <\/strong>(Wydzia\u0142 Oceanografii i Geografii Uniwersytetu Gda\u0144skiego)<\/li><li><strong>mgr Karol Wa\u017cny<\/strong> (Wydzia\u0142 Prawa i Administracji Uniwersytetu Gda\u0144skiego)<br><br><\/li><\/ul>\n","protected":false},"excerpt":{"rendered":"<p>W gronie jury, do kt\u00f3rego b\u0119dzie nale\u017ca\u0142a ocena prac konkursowych nale\u017c\u0105: dr hab. Jerzy Korczak, prof. nadzw. UWr (Wydzia\u0142 Prawa, Administracji i Ekonomii Uniwersytetu Wroc\u0142awskiego) dr hab. Tomasz Brodzicki, prof. UG (Wydzia\u0142 Ekonomiczny Uniwersytetu Gda\u0144skiego) dr hab. Tomasz Michalski, prof. UG (Wydzia\u0142 Oceanografii i Geografii Uniwersytetu Gda\u0144skiego) dr hab. in\u017c. Sylwia Staszewska, prof. UAM (Wydzia\u0142 [&hellip;]<\/p>\n","protected":false},"author":1,"featured_media":0,"parent":0,"menu_order":0,"comment_status":"closed","ping_status":"closed","template":"","meta":[],"_links":{"self":[{"href":"http:\/\/im.edu.pl\/konkurs\/wp-json\/wp\/v2\/pages\/19"}],"collection":[{"href":"http:\/\/im.edu.pl\/konkurs\/wp-json\/wp\/v2\/pages"}],"about":[{"href":"http:\/\/im.edu.pl\/konkurs\/wp-json\/wp\/v2\/types\/page"}],"author":[{"embeddable":true,"href":"http:\/\/im.edu.pl\/konkurs\/wp-json\/wp\/v2\/users\/1"}],"replies":[{"embeddable":true,"href":"http:\/\/im.edu.pl\/konkurs\/wp-json\/wp\/v2\/comments?post=19"}],"version-history":[{"count":38,"href":"http:\/\/im.edu.pl\/konkurs\/wp-json\/wp\/v2\/pages\/19\/revisions"}],"predecessor-version":[{"id":324,"href":"http:\/\/im.edu.pl\/konkurs\/wp-json\/wp\/v2\/pages\/19\/revisions\/324"}],"wp:attachment":[{"href":"http:\/\/im.edu.pl\/konkurs\/wp-json\/wp\/v2\/media?parent=19"}],"curies":[{"name":"wp","href":"https:\/\/api.w.org\/{rel}","templated":true}]}}