{"id":150,"date":"2020-04-17T12:32:08","date_gmt":"2020-04-17T10:32:08","guid":{"rendered":"http:\/\/im.edu.pl\/konkurs\/?page_id=150"},"modified":"2021-04-15T11:17:31","modified_gmt":"2021-04-15T09:17:31","slug":"terminy-2","status":"publish","type":"page","link":"http:\/\/im.edu.pl\/konkurs\/terminy-2\/","title":{"rendered":"Terminy 2020"},"content":{"rendered":"\n<p>Ostateczny termin nades\u0142ania pracy konkursowej up\u0142ywa <strong>10 lipca 2020 roku<\/strong><\/p>\n\n\n\n<p>Wyniki konkursu zostan\u0105 og\u0142oszone <strong>30 pa\u017adziernika 2020 roku.<\/strong><\/p>\n","protected":false},"excerpt":{"rendered":"<p>Ostateczny termin nades\u0142ania pracy konkursowej up\u0142ywa 10 lipca 2020 roku Wyniki konkursu zostan\u0105 og\u0142oszone 30 pa\u017adziernika 2020 roku.<\/p>\n","protected":false},"author":1,"featured_media":0,"parent":0,"menu_order":0,"comment_status":"closed","ping_status":"closed","template":"","meta":[],"_links":{"self":[{"href":"http:\/\/im.edu.pl\/konkurs\/wp-json\/wp\/v2\/pages\/150"}],"collection":[{"href":"http:\/\/im.edu.pl\/konkurs\/wp-json\/wp\/v2\/pages"}],"about":[{"href":"http:\/\/im.edu.pl\/konkurs\/wp-json\/wp\/v2\/types\/page"}],"author":[{"embeddable":true,"href":"http:\/\/im.edu.pl\/konkurs\/wp-json\/wp\/v2\/users\/1"}],"replies":[{"embeddable":true,"href":"http:\/\/im.edu.pl\/konkurs\/wp-json\/wp\/v2\/comments?post=150"}],"version-history":[{"count":4,"href":"http:\/\/im.edu.pl\/konkurs\/wp-json\/wp\/v2\/pages\/150\/revisions"}],"predecessor-version":[{"id":362,"href":"http:\/\/im.edu.pl\/konkurs\/wp-json\/wp\/v2\/pages\/150\/revisions\/362"}],"wp:attachment":[{"href":"http:\/\/im.edu.pl\/konkurs\/wp-json\/wp\/v2\/media?parent=150"}],"curies":[{"name":"wp","href":"https:\/\/api.w.org\/{rel}","templated":true}]}}