{"id":148,"date":"2020-04-17T12:28:57","date_gmt":"2020-04-17T10:28:57","guid":{"rendered":"http:\/\/im.edu.pl\/konkurs\/?page_id=148"},"modified":"2021-04-15T11:17:04","modified_gmt":"2021-04-15T09:17:04","slug":"regulamin","status":"publish","type":"page","link":"http:\/\/im.edu.pl\/konkurs\/regulamin\/","title":{"rendered":"Regulamin 2020"},"content":{"rendered":"\n<p><strong><em><span style=\"text-decoration: underline;\">Skr\u00f3t regulaminu:<\/span><\/em><\/strong><\/p>\n\n\n\n<p>Prace konkursowe rozpatrujemy w <strong>dw\u00f3ch kategoriach<\/strong>:<\/p>\n\n\n\n<ul><li>praca licencjacka\/in\u017cynierska,<\/li><li>praca magisterska.<\/li><\/ul>\n\n\n\n<p><strong>&nbsp;<\/strong>W bie\u017c\u0105cej edycji Konkursu b\u0119d\u0105 przyjmowane prace, <strong>obejmuj\u0105ce nast\u0119puj\u0105ce zagadnienia<\/strong>:<\/p>\n\n\n\n<ol><li>Ustr\u00f3j samorz\u0105du terytorialnego, w tym metropolitalnego,<\/li><li>Kszta\u0142towanie \u0142adu przestrzennego,<\/li><li>Mieszkalnictwo,<\/li><li> Rewitalizacja i renaturalizacja obszar\u00f3w zdegradowanych,<\/li><li> Rozw\u00f3j infrastruktury transportowej, miejskiej oraz organizacja transportu zbiorowego,<\/li><li>Ochrona klimatu, \u015brodowiska i przyrody,<\/li><li>Demokracja miejska i partycypacja spo\u0142eczna,<\/li><li> Turystyka miejska i zagospodarowanie turystyczne,<\/li><li> Organizacja edukacji przez samorz\u0105dy,<\/li><li>Ekonomika miast i zarz\u0105dzanie obszarami miejskimi,<\/li><li> Polityka spo\u0142eczna miast.<\/li><\/ol>\n\n\n\n<p>W konkursie mog\u0105 bra\u0107 udzia\u0142 wszystkie <strong>prace obronione w ci\u0105gu 3 ostatnich lat (kalendarzowych).<\/strong><\/p>\n\n\n\n<p>Przyjmujemy prace zar\u00f3wno w j\u0119zyku polskim jak i angielskim.<\/p>\n\n\n\n<p>Prace w obu kategoriach nale\u017cy <strong>wys\u0142a\u0107 w nieprzekraczalnym terminie 10 lipca 2020 roku na adres mejlowy<\/strong>:&nbsp;<a rel=\"noreferrer noopener\" href=\"mailto:konkurs@im.edu.pl\" target=\"_blank\">konkurs@im.edu.pl<\/a>. <br>Do pracy zg\u0142oszonej na konkurs musi zosta\u0107 do\u0142\u0105czony formularz zg\u0142oszeniowy (pobierz <a rel=\"noreferrer noopener\" aria-label=\"PDF (otwiera si\u0119 na nowej zak\u0142adce)\" href=\"http:\/\/im.edu.pl\/konkurs\/wp-content\/uploads\/2020\/05\/Karta-zg\u0142oszeniowa-2020.pdf\" target=\"_blank\">PDF<\/a><a href=\"http:\/\/im.edu.pl\/konkurs\/wp-content\/uploads\/2019\/08\/KARTA-ZG\u0141OSZENIA.doc019\/06\/KARTA-ZG\u0141OSZENIA.pdf\">\/<\/a><a href=\"http:\/\/im.edu.pl\/konkurs\/wp-content\/uploads\/2020\/05\/Karta-zg\u0142oszeniowa-2020.doc\"> DOC)<\/a><a href=\"http:\/\/im.edu.pl\/konkurs\/wp-content\/uploads\/2019\/08\/KARTA-ZG\u0141OSZENIA.doc019\/06\/KARTA-ZG\u0141OSZENIA.pdf\">.<\/a><\/p>\n\n\n\n<p>Wszystkie szczeg\u00f3\u0142owe informacje znajd\u0105 Pa\u0144stwo w <strong><a href=\"http:\/\/im.edu.pl\/konkurs\/wp-content\/uploads\/2020\/05\/REGULAMIN-KONKURSU-dla-student\u00f3w-2020-1.pdf\">regulaminie konkursu.<\/a><\/strong><\/p>\n","protected":false},"excerpt":{"rendered":"<p>Skr\u00f3t regulaminu: Prace konkursowe rozpatrujemy w dw\u00f3ch kategoriach: praca licencjacka\/in\u017cynierska, praca magisterska. &nbsp;W bie\u017c\u0105cej edycji Konkursu b\u0119d\u0105 przyjmowane prace, obejmuj\u0105ce nast\u0119puj\u0105ce zagadnienia: Ustr\u00f3j samorz\u0105du terytorialnego, w tym metropolitalnego, Kszta\u0142towanie \u0142adu przestrzennego, Mieszkalnictwo, Rewitalizacja i renaturalizacja obszar\u00f3w zdegradowanych, Rozw\u00f3j infrastruktury transportowej, miejskiej oraz organizacja transportu zbiorowego, Ochrona klimatu, \u015brodowiska i przyrody, Demokracja miejska i partycypacja spo\u0142eczna, [&hellip;]<\/p>\n","protected":false},"author":1,"featured_media":0,"parent":0,"menu_order":0,"comment_status":"closed","ping_status":"closed","template":"","meta":[],"_links":{"self":[{"href":"http:\/\/im.edu.pl\/konkurs\/wp-json\/wp\/v2\/pages\/148"}],"collection":[{"href":"http:\/\/im.edu.pl\/konkurs\/wp-json\/wp\/v2\/pages"}],"about":[{"href":"http:\/\/im.edu.pl\/konkurs\/wp-json\/wp\/v2\/types\/page"}],"author":[{"embeddable":true,"href":"http:\/\/im.edu.pl\/konkurs\/wp-json\/wp\/v2\/users\/1"}],"replies":[{"embeddable":true,"href":"http:\/\/im.edu.pl\/konkurs\/wp-json\/wp\/v2\/comments?post=148"}],"version-history":[{"count":10,"href":"http:\/\/im.edu.pl\/konkurs\/wp-json\/wp\/v2\/pages\/148\/revisions"}],"predecessor-version":[{"id":361,"href":"http:\/\/im.edu.pl\/konkurs\/wp-json\/wp\/v2\/pages\/148\/revisions\/361"}],"wp:attachment":[{"href":"http:\/\/im.edu.pl\/konkurs\/wp-json\/wp\/v2\/media?parent=148"}],"curies":[{"name":"wp","href":"https:\/\/api.w.org\/{rel}","templated":true}]}}