{"id":146,"date":"2020-04-17T12:24:01","date_gmt":"2020-04-17T10:24:01","guid":{"rendered":"http:\/\/im.edu.pl\/konkurs\/?page_id=146"},"modified":"2021-05-31T14:04:53","modified_gmt":"2021-05-31T12:04:53","slug":"kapitula-konkursowa-2","status":"publish","type":"page","link":"http:\/\/im.edu.pl\/konkurs\/kapitula-konkursowa-2\/","title":{"rendered":"Kapitu\u0142a Konkursowa 2020"},"content":{"rendered":"\n<p><strong>Do grona Kapitu\u0142y Konkursowej, do kt\u00f3rego b\u0119dzie nale\u017ca\u0142a ocena prac konkursowych nale\u017c\u0105:<\/strong><\/p>\n\n\n\n<ul><li><strong>dr hab. Jaros\u0142aw Czocha\u0144ski, prof. UG<\/strong> (Instytut Geografii, Wydzia\u0142 Oceanografii i Geografii Uniwersytetu Gda\u0144skiego);<\/li><li><strong>dr hab. Jerzy Korczak, prof. nadzw. UWr<\/strong> (Kierownik Zak\u0142adu Ustroju Administracji Publicznej, Instytut Nauk Administracyjnych, Wydzia\u0142 Prawa, Administracji i Ekonomii Uniwersytetu Wroc\u0142awskiego);<\/li><li><strong>dr hab. Aleksander Kuczabski, prof. UG<\/strong> (Instytut Geografii, Wydzia\u0142 Oceanografii i Geografii Uniwersytetu Gda\u0144skiego);<\/li><li><strong>dr hab. Tomasz Michalski, prof. UG <\/strong>(Instytut Geografii, Wydzia\u0142 Oceanografii i Geografii Uniwersytetu Gda\u0144skiego);<\/li><li><strong>dr hab. in\u017c. Sylwia Staszewska, prof. UAM<\/strong> (Wydzia\u0142 Geografii Spo\u0142eczno-Ekonomicznej i Gospodarki Przestrzennej Uniwersytetu im. Adama Mickiewicza w Poznaniu)<\/li><li><strong>dr hab. Marcin Wo\u0142ek, prof. UG<\/strong> (Katedra Rynku transportowego, Wydzia\u0142 Ekonomiczny Uniwersytetu Gda\u0144skiego);<\/li><li><strong>dr hab. \u0141ukasz Miku\u0142a<\/strong> (Wydzia\u0142 Geografii Spo\u0142eczno-Ekonomicznej i Gospodarki Przestrzennej Uniwersytetu im. Adama Mickiewicza);<\/li><li><strong>dr hab. in\u017c. arch. Izabela Mironowicz<\/strong> (Katedra Urbanistyki i Planowania Regionalnego, Wydzia\u0142 Architektury Politechniki Gda\u0144skiej);<\/li><li><strong>dr in\u017c. Przemys\u0142aw Ciesi\u00f3\u0142ka<\/strong> (Zak\u0142ad Geografii Ekonomicznej, Wydzia\u0142 Geografii Spo\u0142eczno Ekonomicznej i Gospodarki Przestrzennej Uniwersytetu im. Adama Mickiewicza w Poznaniu);<\/li><li><strong>dr in\u017c. Agata Cieszewska<\/strong> (Katedra Architektury Krajobrazu, Instytut In\u017cynierii \u015arodowiska Szko\u0142y G\u0142\u00f3wnej Gospodarstwa Wiejskiego w Warszawie);<\/li><li><strong>dr Anna Fogel <\/strong>(Instytut Rozwoju Miast i Region\u00f3w Warszawa);<\/li><li><strong>dr hab. in\u017c. Beata Gawryszewska<\/strong> (Katedra Sztuki Krajobrazu, Wydzia\u0142 Ogrodnictwa, Biotechnologii i Architektury Krajobrazu Szko\u0142y G\u0142\u00f3wnej Gospodarstwa Wiejskiego w Warszawie);<\/li><li><strong>dr Roman Marchaj <\/strong>(Instytut Nauk Prawnych, Prawo Administracyjne i&nbsp;Nauki Administracji, Wydzia\u0142 Prawa i Administracji Uniwersytetu \u015al\u0105skiego w Katowicach);<\/li><li><strong>dr in\u017c. El\u017cbieta Ociepa-Kici\u0144ska <\/strong>(Instytut Gospodarki Przestrzennej i Geografii Spo\u0142eczno-Ekonomicznej Katedra Polityki Spo\u0142eczno-Ekonomicznej Uniwersytetu Szczeci\u0144skiego);<\/li><li><strong>dr Ma\u0142gorzata Pacuk <\/strong>(Instytut Geografii, Wydzia\u0142 Oceanografii i Geografii Uniwersytetu Gda\u0144skiego);<\/li><li><strong>dr Marcin Po\u0142om <\/strong>(Zak\u0142ad Rozwoju Regionalnego, Wydzia\u0142 Oceanografii i Geografii Uniwersytetu Gda\u0144skiego);<\/li><li><strong>dr Justyna Przywojska<\/strong> (Katedra Pracy i Polityki Spo\u0142ecznej, Wydzia\u0142 Ekonomiczno &#8211; Socjologiczny Uniwersytetu \u0141\u00f3dzkiego);<\/li><li><strong>dr in\u017c. arch. Magdalena Rembeza<\/strong> (Katedra Urbanistyki i Planowania Regionalnego, Wydzia\u0142 Architektury Politechniki Gda\u0144skiej);<\/li><li><strong>dr in\u017c. arch. Gabriela Maria Rembarz<\/strong> (Katedra Urbanistyki i Planowania Regionalnego, Wdzia\u0142 Architektury Politechniki Gda\u0144skiej);<\/li><li><strong>dr Ma\u0142gorzata Roge-Wi\u015bniewska<\/strong> (Uniwersyteckie Centrum Bada\u0144 nad \u015arodowiskiem Przyrodniczym i Zr\u00f3wnowa\u017conym Rozwojem Uniwersytetu Warszawskiego);<\/li><li><strong>dr Karolina Rokicka-Murszewska<\/strong> (Katedra Prawa Administracyjnego, Wydzia\u0142 Prawa i Administracji Uniwersytetu Miko\u0142aja Kopernika w Toruniu);<\/li><li><strong>dr Krzysztof Stachura<\/strong> (Zak\u0142ad Antropologii Spo\u0142ecznej, Wydzia\u0142 Nauk Spo\u0142ecznych Uniwersytetu Gda\u0144skiego);<\/li><li><strong>dr Joanna St\u0119pie\u0144<\/strong> (Zak\u0142ad Geografii Spo\u0142eczno &#8211; Ekonomicznej, Wydzia\u0142 Oceanografii i Geografii Uniwersytetu Gda\u0144skiego);<\/li><li><strong>dr Weronika Szafra\u0144ska, LL.M <\/strong>(Instytut Nauk Prawnych, Post\u0119powanie Administracyjne i&nbsp;S\u0105dowoadministracyjnego, Wydzia\u0142 Prawa i Administracji Uniwersytetu \u015al\u0105skiego w Katowicach)<\/li><li><strong>dr Jakub Szlchetko<\/strong> (Zak\u0142ad Geografii Spo\u0142eczno &#8211; Ekonomicznej, Wydzia\u0142 Oceanografii i Geografii Uniwersytetu Gda\u0144skiego);<\/li><li><strong>dr in\u017c. Tomasz Szulc<\/strong> (Instytut In\u017cynierii Producji Politechniki \u015al\u0105skiej);<\/li><li><strong>dr Mariusz Szyrski<\/strong> (Katedra Prawa Administracyjnego i Samorz\u0105du Terytorialnego, Wydzia\u0142 Prawa i Administracji Uniwersytetu Kardyna\u0142a Stefana Wyszy\u0144skiego w Warszawie);<\/li><li><strong>dr Maciej Tarkowski <\/strong>(Instytut Geografii, Wydzia\u0142 Oceanografii i Geografii Uniwersytetu Gda\u0144skiego);<\/li><li><strong>dr Marzena Walaszek<\/strong> (Wydzia\u0142 Geografii Spo\u0142eczno &#8211; Ekonomicznej i Gospodarki Przestrzennej Uniwersytetu im. Adama Mickiewicza w Poznaniu);<\/li><li><strong>dr Agnieszka Wa\u017cna<\/strong> (Katedra Ekonomiki Transportu, Wydzia\u0142 Ekonomiczny, Uniwersytet Gda\u0144ski)<\/li><li><strong>mgr Joanna Bigos<\/strong> (Wydzia\u0142 Prawa, Administracji i Ekonomii Uniwersytetu Wroc\u0142awskiego);<\/li><li><strong>mgr Tomasz Mikulski<\/strong> (Zak\u0142ad Geografii Spo\u0142eczno &#8211; Ekonomicznej, Wydzia\u0142 Oceanografii i Geografii Uniwersytetu Gda\u0144skiego);<\/li><li><strong>mgr in\u017c. arch. Hanna Obracht-Prondzy\u0144ska<\/strong> (Katedra Urbanistyki i Planowania Regionalnego, Wydzia\u0142 Archtyektury Politechniki Gda\u0144skiej);<\/li><li><strong>mgr Damian Zelewski<\/strong> (Zak\u0142ad Geografii Spo\u0142eczno &#8211; Ekonomicznej, Wydzia\u0142 Oceanografii i Geografii Uniwersytetu Gda\u0144skiego);<\/li><li><strong>mgr Maciej Zieli\u0144ski<\/strong> (Szko\u0142a Doktorska, Uniwersytet Gda\u0144ski)<\/li><\/ul>\n\n\n\n<p><\/p>\n\n\n\n<p><\/p>\n\n\n\n<p><\/p>\n","protected":false},"excerpt":{"rendered":"<p>Do grona Kapitu\u0142y Konkursowej, do kt\u00f3rego b\u0119dzie nale\u017ca\u0142a ocena prac konkursowych nale\u017c\u0105: dr hab. Jaros\u0142aw Czocha\u0144ski, prof. UG (Instytut Geografii, Wydzia\u0142 Oceanografii i Geografii Uniwersytetu Gda\u0144skiego); dr hab. Jerzy Korczak, prof. nadzw. UWr (Kierownik Zak\u0142adu Ustroju Administracji Publicznej, Instytut Nauk Administracyjnych, Wydzia\u0142 Prawa, Administracji i Ekonomii Uniwersytetu Wroc\u0142awskiego); dr hab. Aleksander Kuczabski, prof. UG (Instytut [&hellip;]<\/p>\n","protected":false},"author":1,"featured_media":0,"parent":0,"menu_order":0,"comment_status":"closed","ping_status":"closed","template":"","meta":[],"_links":{"self":[{"href":"http:\/\/im.edu.pl\/konkurs\/wp-json\/wp\/v2\/pages\/146"}],"collection":[{"href":"http:\/\/im.edu.pl\/konkurs\/wp-json\/wp\/v2\/pages"}],"about":[{"href":"http:\/\/im.edu.pl\/konkurs\/wp-json\/wp\/v2\/types\/page"}],"author":[{"embeddable":true,"href":"http:\/\/im.edu.pl\/konkurs\/wp-json\/wp\/v2\/users\/1"}],"replies":[{"embeddable":true,"href":"http:\/\/im.edu.pl\/konkurs\/wp-json\/wp\/v2\/comments?post=146"}],"version-history":[{"count":36,"href":"http:\/\/im.edu.pl\/konkurs\/wp-json\/wp\/v2\/pages\/146\/revisions"}],"predecessor-version":[{"id":405,"href":"http:\/\/im.edu.pl\/konkurs\/wp-json\/wp\/v2\/pages\/146\/revisions\/405"}],"wp:attachment":[{"href":"http:\/\/im.edu.pl\/konkurs\/wp-json\/wp\/v2\/media?parent=146"}],"curies":[{"name":"wp","href":"https:\/\/api.w.org\/{rel}","templated":true}]}}